{"id":22,"date":"2025-09-18T19:02:48","date_gmt":"2025-09-18T17:02:48","guid":{"rendered":"https:\/\/angry-goldstine.69-62-121-111.plesk.page\/?page_id=22"},"modified":"2025-11-24T19:21:16","modified_gmt":"2025-11-24T18:21:16","slug":"videos","status":"publish","type":"page","link":"https:\/\/elenarevuelta.com\/index.php\/videos\/","title":{"rendered":"V\u00eddeos"},"content":{"rendered":"\t\t<div data-elementor-type=\"wp-page\" data-elementor-id=\"22\" class=\"elementor elementor-22\">\n\t\t\t\t<div class=\"aux-parallax-section elementor-element elementor-element-a8a3eb0 e-flex e-con-boxed e-con e-parent\" data-id=\"a8a3eb0\" data-element_type=\"container\">\n\t\t\t\t\t<div class=\"e-con-inner\">\n\t\t<div class=\"elementor-element elementor-element-4504a46 e-flex e-con-boxed e-con e-child\" data-id=\"4504a46\" data-element_type=\"container\">\n\t\t\t\t\t<div class=\"e-con-inner\">\n\t\t\t\t<div class=\"elementor-element elementor-element-09e766e elementor-widget elementor-widget-text-editor\" data-id=\"09e766e\" data-element_type=\"widget\" data-widget_type=\"text-editor.default\">\n\t\t\t\t\t\t\t\t\t<p><strong>HAJI<\/strong><br \/>Corto ganador del mejor gui\u00f3n en el Festival de Audiovisuales Tiempo Sur en su 11\u00aa edici\u00f3n. En la vida podemos elegir si nos dejamos arrastrar por nuestras verg\u00fcenzas o preferimos ser felices. \u201cHaji\u201d significa verg\u00fcenza en Japon\u00e9s.<\/p>\t\t\t\t\t\t\t\t<\/div>\n\t\t\t\t\t<\/div>\n\t\t\t\t<\/div>\n\t\t<div class=\"elementor-element elementor-element-3464474 e-con-full e-flex e-con e-child\" data-id=\"3464474\" data-element_type=\"container\">\n\t\t\t\t<div class=\"elementor-element elementor-element-1c92531 elementor-widget elementor-widget-aux_video\" data-id=\"1c92531\" data-element_type=\"widget\" data-widget_type=\"aux_video.default\">\n\t\t\t\t<div class=\"elementor-widget-container\">\n\t\t\t\t\t<section class=\"widget-container aux-widget-video aux-parent-aud2c1da65\"><div style=\"width: 500px;\" class=\"wp-video\"><video class=\"wp-video-shortcode aux-player-dark aux-provider-youtube\" id=\"video-22-1\" width=\"500\" height=\"275\" loop preload=\"metadata\" controls=\"controls\"><source type=\"video\/youtube\" src=\"https:\/\/youtu.be\/nzFU0bySvd0?_=1\" \/><a href=\"https:\/\/youtu.be\/nzFU0bySvd0\">https:\/\/youtu.be\/nzFU0bySvd0<\/a><\/video><\/div><\/section><!-- widget-container -->\t\t\t\t<\/div>\n\t\t\t\t<\/div>\n\t\t\t\t<\/div>\n\t\t\t\t\t<\/div>\n\t\t\t\t<\/div>\n\t\t<div class=\"aux-parallax-section elementor-element elementor-element-0dec8fe e-grid e-con-boxed e-con e-parent\" data-id=\"0dec8fe\" data-element_type=\"container\">\n\t\t\t\t\t<div class=\"e-con-inner\">\n\t\t\t\t<div class=\"elementor-element elementor-element-659a2be elementor-widget elementor-widget-html\" data-id=\"659a2be\" data-element_type=\"widget\" data-widget_type=\"html.default\">\n\t\t\t\t\t<iframe\n  src=\"https:\/\/player.vimeo.com\/video\/236069091?loop=1&autoplay=0&controls=1\"\n  width=\"500\"\n  height=\"275\"\n  frameborder=\"0\"\n  allow=\"autoplay; fullscreen\"\n  allowfullscreen\n>\n<\/iframe>\t\t\t\t<\/div>\n\t\t<div class=\"elementor-element elementor-element-eedfb7d e-con-full e-flex e-con e-child\" data-id=\"eedfb7d\" data-element_type=\"container\">\n\t\t\t\t<div class=\"elementor-element elementor-element-d5ba717 elementor-widget elementor-widget-text-editor\" data-id=\"d5ba717\" data-element_type=\"widget\" data-widget_type=\"text-editor.default\">\n\t\t\t\t\t\t\t\t\t<p><strong>ONIROS<\/strong><br \/>Poema visual<br \/>A trav\u00e9s de los sue\u00f1os se manifiesta nuestro inconsciente. Es all\u00ed donde mezclamos, removemos e integramos nuestras vivencias. En una sociedad en la que los sue\u00f1os se regalan al olvido, despertamos el lenguaje que nos conecta con el otro lado del abismo.<\/p>\t\t\t\t\t\t\t\t<\/div>\n\t\t\t\t<\/div>\n\t\t\t\t\t<\/div>\n\t\t\t\t<\/div>\n\t\t<div class=\"aux-parallax-section elementor-element elementor-element-949ac05 e-grid e-con-boxed e-con e-parent\" data-id=\"949ac05\" data-element_type=\"container\">\n\t\t\t\t\t<div class=\"e-con-inner\">\n\t\t\t\t<div class=\"elementor-element elementor-element-b61429f elementor-widget elementor-widget-text-editor\" data-id=\"b61429f\" data-element_type=\"widget\" data-widget_type=\"text-editor.default\">\n\t\t\t\t\t\t\t\t\t<p><strong>LA MAGIA DEL AGUA<\/strong><br \/>Espect\u00e1culo teatral y sensorial por la Ruta de la Magia del Agua.<br \/>Existen otros mundos y est\u00e1n aqu\u00ed mismo. Si quieres contactar con ellos, vamos a internarnos en el bosque. Ah, s\u00ed, claro\u2026 \u00a1Y ver hadas! S\u00f3lo tienes que mirar sin mirar para ver.<\/p>\t\t\t\t\t\t\t\t<\/div>\n\t\t\t\t<div class=\"elementor-element elementor-element-744557a elementor-widget elementor-widget-html\" data-id=\"744557a\" data-element_type=\"widget\" data-widget_type=\"html.default\">\n\t\t\t\t\t<iframe\n  title=\"vimeo-player\"\n  src=\"https:\/\/player.vimeo.com\/video\/400275940?h=bb1c212929\"\n  width=\"500\"\n  height=\"275\"\n  frameborder=\"0\"\n  allow=\"autoplay; fullscreen\"\n  allowfullscreen\n>\n<\/iframe>\t\t\t\t<\/div>\n\t\t\t\t\t<\/div>\n\t\t\t\t<\/div>\n\t\t<div class=\"aux-parallax-section elementor-element elementor-element-82eef5d e-flex e-con-boxed e-con e-parent\" data-id=\"82eef5d\" data-element_type=\"container\">\n\t\t\t\t\t<div class=\"e-con-inner\">\n\t\t<div class=\"elementor-element elementor-element-db716f7 e-flex e-con-boxed e-con e-child\" data-id=\"db716f7\" data-element_type=\"container\">\n\t\t\t\t\t<div class=\"e-con-inner\">\n\t\t\t\t<div class=\"elementor-element elementor-element-ab4ad5b elementor-widget elementor-widget-text-editor\" data-id=\"ab4ad5b\" data-element_type=\"widget\" data-widget_type=\"text-editor.default\">\n\t\t\t\t\t\t\t\t\t<p><strong>AEIOU<\/strong><br \/>Espect\u00e1culo de teatro infantil con objetos, cuentos, canciones y poemas co Eugenia Governatori<br \/>\u00a1Qu\u00e9 divertido es descubrir la A! La E me encuentra, me enamora, me ense\u00f1a&#8230; El punto de la I a veces es un mosquito y otras&#8230; Y la O tambi\u00e9n tiene su gracia, si es grande se puede atravesar. La U turur\u00fa, turur\u00fa, turur\u00fa.<\/p>\t\t\t\t\t\t\t\t<\/div>\n\t\t\t\t\t<\/div>\n\t\t\t\t<\/div>\n\t\t<div class=\"elementor-element elementor-element-051a7ab e-con-full e-flex e-con e-child\" data-id=\"051a7ab\" data-element_type=\"container\">\n\t\t\t\t<div class=\"elementor-element elementor-element-8e2f1d0 elementor-widget elementor-widget-aux_video\" data-id=\"8e2f1d0\" data-element_type=\"widget\" data-widget_type=\"aux_video.default\">\n\t\t\t\t<div class=\"elementor-widget-container\">\n\t\t\t\t\t<section class=\"widget-container aux-widget-video aux-parent-au7ffce70e\"><div style=\"width: 500px;\" class=\"wp-video\"><video class=\"wp-video-shortcode aux-player-dark aux-provider-youtube\" id=\"video-22-2\" width=\"500\" height=\"275\" loop preload=\"metadata\" controls=\"controls\"><source type=\"video\/youtube\" src=\"https:\/\/youtu.be\/w-E5hsKyJHs?_=2\" \/><a href=\"https:\/\/youtu.be\/w-E5hsKyJHs\">https:\/\/youtu.be\/w-E5hsKyJHs<\/a><\/video><\/div><\/section><!-- widget-container -->\t\t\t\t<\/div>\n\t\t\t\t<\/div>\n\t\t\t\t<\/div>\n\t\t\t\t\t<\/div>\n\t\t\t\t<\/div>\n\t\t<div class=\"aux-parallax-section elementor-element elementor-element-e458e0c e-flex e-con-boxed e-con e-parent\" data-id=\"e458e0c\" data-element_type=\"container\">\n\t\t\t\t\t<div class=\"e-con-inner\">\n\t\t<div class=\"elementor-element elementor-element-6c7dc96 e-flex e-con-boxed e-con e-child\" data-id=\"6c7dc96\" data-element_type=\"container\">\n\t\t\t\t\t<div class=\"e-con-inner\">\n\t\t\t\t<div class=\"elementor-element elementor-element-f9c9b13 elementor-widget elementor-widget-text-editor\" data-id=\"f9c9b13\" data-element_type=\"widget\" data-widget_type=\"text-editor.default\">\n\t\t\t\t\t\t\t\t\t<p><strong>ORQUESTA MANOS<\/strong><br \/>Juego para las peque\u00f1as criaturas.<br \/>Palma con palma, comienza la orquesta, desde los pulgares hasta los me\u00f1iques, cada par de dedos es un instrumento<\/p>\t\t\t\t\t\t\t\t<\/div>\n\t\t\t\t\t<\/div>\n\t\t\t\t<\/div>\n\t\t<div class=\"elementor-element elementor-element-c374e3f e-con-full e-flex e-con e-child\" data-id=\"c374e3f\" data-element_type=\"container\">\n\t\t\t\t<div class=\"elementor-element elementor-element-25c795a elementor-widget elementor-widget-aux_video\" data-id=\"25c795a\" data-element_type=\"widget\" data-widget_type=\"aux_video.default\">\n\t\t\t\t<div class=\"elementor-widget-container\">\n\t\t\t\t\t<section class=\"widget-container aux-widget-video aux-parent-au47245de9\"><div style=\"width: 500px;\" class=\"wp-video\"><video class=\"wp-video-shortcode aux-player-dark aux-provider-youtube\" id=\"video-22-3\" width=\"500\" height=\"275\" loop preload=\"metadata\" controls=\"controls\"><source type=\"video\/youtube\" src=\"https:\/\/youtu.be\/VKi1BXil9T4?_=3\" \/><a href=\"https:\/\/youtu.be\/VKi1BXil9T4\">https:\/\/youtu.be\/VKi1BXil9T4<\/a><\/video><\/div><\/section><!-- widget-container -->\t\t\t\t<\/div>\n\t\t\t\t<\/div>\n\t\t\t\t<\/div>\n\t\t\t\t\t<\/div>\n\t\t\t\t<\/div>\n\t\t<div class=\"aux-parallax-section elementor-element elementor-element-fde52b0 e-flex e-con-boxed e-con e-parent\" data-id=\"fde52b0\" data-element_type=\"container\">\n\t\t\t\t\t<div class=\"e-con-inner\">\n\t\t<div class=\"elementor-element elementor-element-fc865c0 e-flex e-con-boxed e-con e-child\" data-id=\"fc865c0\" data-element_type=\"container\">\n\t\t\t\t\t<div class=\"e-con-inner\">\n\t\t\t\t<div class=\"elementor-element elementor-element-6ac1feb elementor-widget elementor-widget-text-editor\" data-id=\"6ac1feb\" data-element_type=\"widget\" data-widget_type=\"text-editor.default\">\n\t\t\t\t\t\t\t\t\t<p><strong>CASCABEL VA DE VIAJE<\/strong><br \/>Teatro musical con objetos con Tiziana Maio.<br \/>Inspirado en el libro de Arnold Lobel \u201cSaltamontes va de viaje\u201d.<br \/>Cascabel decide hacer un viaje, en el camino se encontrar\u00e1 con el lagarto amante de la ma\u00f1ana; el gusano que se qued\u00f3 sin casa; con la mosca que quiere dejar el mundo limpio; el mosquito defensor de las normas; la mariposa que siempre hace lo mismo; el p\u00e1jaro que tiene mucha prisa y con el drag\u00f3n ninguneado.<\/p>\t\t\t\t\t\t\t\t<\/div>\n\t\t\t\t\t<\/div>\n\t\t\t\t<\/div>\n\t\t<div class=\"elementor-element elementor-element-38be4f5 e-con-full e-flex e-con e-child\" data-id=\"38be4f5\" data-element_type=\"container\">\n\t\t\t\t<div class=\"elementor-element elementor-element-449754d elementor-widget elementor-widget-aux_video\" data-id=\"449754d\" data-element_type=\"widget\" data-widget_type=\"aux_video.default\">\n\t\t\t\t<div class=\"elementor-widget-container\">\n\t\t\t\t\t<section class=\"widget-container aux-widget-video aux-parent-aubd6c1b27\"><div style=\"width: 500px;\" class=\"wp-video\"><video class=\"wp-video-shortcode aux-player-dark aux-provider-youtube\" id=\"video-22-4\" width=\"500\" height=\"275\" loop preload=\"metadata\" controls=\"controls\"><source type=\"video\/youtube\" src=\"https:\/\/youtu.be\/W-My3M4bIjA?_=4\" \/><a href=\"https:\/\/youtu.be\/W-My3M4bIjA\">https:\/\/youtu.be\/W-My3M4bIjA<\/a><\/video><\/div><\/section><!-- widget-container -->\t\t\t\t<\/div>\n\t\t\t\t<\/div>\n\t\t\t\t<\/div>\n\t\t\t\t\t<\/div>\n\t\t\t\t<\/div>\n\t\t<div class=\"aux-parallax-section elementor-element elementor-element-00131b9 e-flex e-con-boxed e-con e-parent\" data-id=\"00131b9\" data-element_type=\"container\">\n\t\t\t\t\t<div class=\"e-con-inner\">\n\t\t<div class=\"elementor-element elementor-element-d5758c6 e-flex e-con-boxed e-con e-child\" data-id=\"d5758c6\" data-element_type=\"container\">\n\t\t\t\t\t<div class=\"e-con-inner\">\n\t\t\t\t<div class=\"elementor-element elementor-element-ed6f95f elementor-widget elementor-widget-text-editor\" data-id=\"ed6f95f\" data-element_type=\"widget\" data-widget_type=\"text-editor.default\">\n\t\t\t\t\t\t\t\t\t<p><strong>LA TANGENTE DE LO IMPOSIBLE<\/strong><br \/>Espect\u00e1culo de cuentos con Mar\u00eda Buenadicha basado en textos de Luis S\u00e1nchez Brito<br \/>A veces es necesario salirse por la tangente, especialmente cuando todo se hace imposible.<\/p>\t\t\t\t\t\t\t\t<\/div>\n\t\t\t\t\t<\/div>\n\t\t\t\t<\/div>\n\t\t<div class=\"elementor-element elementor-element-ba85d53 e-con-full e-flex e-con e-child\" data-id=\"ba85d53\" data-element_type=\"container\">\n\t\t\t\t<div class=\"elementor-element elementor-element-9f9e0bc elementor-widget elementor-widget-aux_video\" data-id=\"9f9e0bc\" data-element_type=\"widget\" data-widget_type=\"aux_video.default\">\n\t\t\t\t<div class=\"elementor-widget-container\">\n\t\t\t\t\t<section class=\"widget-container aux-widget-video aux-parent-au4afa5849\"><div style=\"width: 500px;\" class=\"wp-video\"><video class=\"wp-video-shortcode aux-player-dark aux-provider-youtube\" id=\"video-22-5\" width=\"500\" height=\"275\" loop preload=\"metadata\" controls=\"controls\"><source type=\"video\/youtube\" src=\"https:\/\/youtu.be\/ds2Zg6bcos4?_=5\" \/><a href=\"https:\/\/youtu.be\/ds2Zg6bcos4\">https:\/\/youtu.be\/ds2Zg6bcos4<\/a><\/video><\/div><\/section><!-- widget-container -->\t\t\t\t<\/div>\n\t\t\t\t<\/div>\n\t\t\t\t<\/div>\n\t\t\t\t\t<\/div>\n\t\t\t\t<\/div>\n\t\t<div class=\"aux-parallax-section elementor-element elementor-element-72f17ed e-flex e-con-boxed e-con e-parent\" data-id=\"72f17ed\" data-element_type=\"container\">\n\t\t\t\t\t<div class=\"e-con-inner\">\n\t\t<div class=\"elementor-element elementor-element-63d656b e-flex e-con-boxed e-con e-child\" data-id=\"63d656b\" data-element_type=\"container\">\n\t\t\t\t\t<div class=\"e-con-inner\">\n\t\t\t\t<div class=\"elementor-element elementor-element-c3be339 elementor-widget elementor-widget-text-editor\" data-id=\"c3be339\" data-element_type=\"widget\" data-widget_type=\"text-editor.default\">\n\t\t\t\t\t\t\t\t\t<p><strong>SOPA DE MONSTRUOS<\/strong><br \/>Cuentos para peque\u00f1os monstruos y sus monstruosos padres.<br \/>Espect\u00e1culo con Eugenia Governatori.<br \/>Todos sentimos miedo de algo, y necesitamos ponerle cara, esa cara suele ser un monstruo, uno de esos que si nos viera se asustar\u00eda \u00e9l tambi\u00e9n de nuestra humanidad.<br \/>Somos un monstruo en un cuerpo de humano, o un humano con coraz\u00f3n de monstruo.<\/p>\t\t\t\t\t\t\t\t<\/div>\n\t\t\t\t\t<\/div>\n\t\t\t\t<\/div>\n\t\t<div class=\"elementor-element elementor-element-96f88c6 e-flex e-con-boxed e-con e-child\" data-id=\"96f88c6\" data-element_type=\"container\">\n\t\t\t\t\t<div class=\"e-con-inner\">\n\t\t\t\t<div class=\"elementor-element elementor-element-e896872 elementor-widget elementor-widget-aux_video\" data-id=\"e896872\" data-element_type=\"widget\" data-widget_type=\"aux_video.default\">\n\t\t\t\t<div class=\"elementor-widget-container\">\n\t\t\t\t\t<section class=\"widget-container aux-widget-video aux-parent-au9fe93fd4\"><div style=\"width: 500px;\" class=\"wp-video\"><video class=\"wp-video-shortcode aux-player-dark aux-provider-youtube\" id=\"video-22-6\" width=\"500\" height=\"275\" loop preload=\"metadata\" controls=\"controls\"><source type=\"video\/youtube\" src=\"https:\/\/youtu.be\/nMJNnFdTMMU?_=6\" \/><a href=\"https:\/\/youtu.be\/nMJNnFdTMMU\">https:\/\/youtu.be\/nMJNnFdTMMU<\/a><\/video><\/div><\/section><!-- widget-container -->\t\t\t\t<\/div>\n\t\t\t\t<\/div>\n\t\t\t\t\t<\/div>\n\t\t\t\t<\/div>\n\t\t\t\t\t<\/div>\n\t\t\t\t<\/div>\n\t\t\t\t<\/div>\n\t\t","protected":false},"excerpt":{"rendered":"<p>HAJICorto ganador del mejor gui\u00f3n en el Festival de Audiovisuales Tiempo Sur en su 11\u00aa edici\u00f3n. En la vida podemos elegir si nos dejamos arrastrar por nuestras verg\u00fcenzas o preferimos ser felices. \u201cHaji\u201d significa verg\u00fcenza en Japon\u00e9s. https:\/\/youtu.be\/nzFU0bySvd0 ONIROSPoema visualA trav\u00e9s de los sue\u00f1os se manifiesta nuestro inconsciente. Es all\u00ed donde mezclamos, removemos e integramos [&hellip;]<\/p>\n","protected":false},"author":1,"featured_media":0,"parent":0,"menu_order":0,"comment_status":"closed","ping_status":"closed","template":"","meta":{"footnotes":""},"class_list":["post-22","page","type-page","status-publish","hentry"],"_links":{"self":[{"href":"https:\/\/elenarevuelta.com\/index.php\/wp-json\/wp\/v2\/pages\/22","targetHints":{"allow":["GET"]}}],"collection":[{"href":"https:\/\/elenarevuelta.com\/index.php\/wp-json\/wp\/v2\/pages"}],"about":[{"href":"https:\/\/elenarevuelta.com\/index.php\/wp-json\/wp\/v2\/types\/page"}],"author":[{"embeddable":true,"href":"https:\/\/elenarevuelta.com\/index.php\/wp-json\/wp\/v2\/users\/1"}],"replies":[{"embeddable":true,"href":"https:\/\/elenarevuelta.com\/index.php\/wp-json\/wp\/v2\/comments?post=22"}],"version-history":[{"count":67,"href":"https:\/\/elenarevuelta.com\/index.php\/wp-json\/wp\/v2\/pages\/22\/revisions"}],"predecessor-version":[{"id":711,"href":"https:\/\/elenarevuelta.com\/index.php\/wp-json\/wp\/v2\/pages\/22\/revisions\/711"}],"wp:attachment":[{"href":"https:\/\/elenarevuelta.com\/index.php\/wp-json\/wp\/v2\/media?parent=22"}],"curies":[{"name":"wp","href":"https:\/\/api.w.org\/{rel}","templated":true}]}}