{"id":20,"date":"2025-09-18T19:02:30","date_gmt":"2025-09-18T17:02:30","guid":{"rendered":"https:\/\/angry-goldstine.69-62-121-111.plesk.page\/?page_id=20"},"modified":"2025-11-01T13:11:28","modified_gmt":"2025-11-01T12:11:28","slug":"en-compania","status":"publish","type":"page","link":"https:\/\/elenarevuelta.com\/index.php\/en-compania\/","title":{"rendered":"En compa\u00f1\u00eda"},"content":{"rendered":"\t\t<div data-elementor-type=\"wp-page\" data-elementor-id=\"20\" class=\"elementor elementor-20\">\n\t\t\t\t<div class=\"aux-parallax-section elementor-element elementor-element-08c98fb e-flex e-con-boxed e-con e-parent\" data-id=\"08c98fb\" data-element_type=\"container\">\n\t\t\t\t\t<div class=\"e-con-inner\">\n\t\t\t\t<div class=\"elementor-element elementor-element-9635418 elementor-widget elementor-widget-image\" data-id=\"9635418\" data-element_type=\"widget\" data-widget_type=\"image.default\">\n\t\t\t\t\t\t\t\t\t\t\t\t\t\t\t<img decoding=\"async\" src=\"https:\/\/elenarevuelta.com\/wp-content\/uploads\/elementor\/thumbs\/Imagina-XXII-Verano-de-cuento-Foto-Carlos-VK-Monitor-004-rc3gez0c8fgmyl95kww9ykz6jlg8i6xa82362vz94w.jpg\" title=\"Imagina XXII Verano de cuento Foto Carlos VK Monitor 004\" alt=\"Carlos V K Monitor\" loading=\"lazy\" \/>\t\t\t\t\t\t\t\t\t\t\t\t\t\t\t<\/div>\n\t\t\t\t\t<\/div>\n\t\t\t\t<\/div>\n\t\t<div class=\"aux-parallax-section elementor-element elementor-element-cdc571d e-flex e-con-boxed e-con e-parent\" data-id=\"cdc571d\" data-element_type=\"container\">\n\t\t\t\t\t<div class=\"e-con-inner\">\n\t\t<div class=\"elementor-element elementor-element-3bdbb55 e-con-full e-flex e-con e-child\" data-id=\"3bdbb55\" data-element_type=\"container\">\n\t\t\t\t<div class=\"elementor-element elementor-element-9cc8a6b elementor-widget elementor-widget-spacer\" data-id=\"9cc8a6b\" data-element_type=\"widget\" data-widget_type=\"spacer.default\">\n\t\t\t\t\t\t\t<div class=\"elementor-spacer\">\n\t\t\t<div class=\"elementor-spacer-inner\"><\/div>\n\t\t<\/div>\n\t\t\t\t\t\t<\/div>\n\t\t\t\t<div class=\"elementor-element elementor-element-d68c96a elementor-widget elementor-widget-heading\" data-id=\"d68c96a\" data-element_type=\"widget\" data-widget_type=\"heading.default\">\n\t\t\t\t\t<h2 class=\"elementor-heading-title elementor-size-default\">En compa\u00f1\u00eda<\/h2>\t\t\t\t<\/div>\n\t\t\t\t<\/div>\n\t\t<div class=\"elementor-element elementor-element-e242cb7 e-con-full e-flex e-con e-child\" data-id=\"e242cb7\" data-element_type=\"container\">\n\t\t\t\t<div class=\"elementor-element elementor-element-c6bf6a1 elementor-widget elementor-widget-aux_recent_posts\" data-id=\"c6bf6a1\" data-element_type=\"widget\" data-settings=\"{&quot;columns&quot;:&quot;2&quot;,&quot;columns_tablet&quot;:&quot;inherit&quot;,&quot;columns_mobile&quot;:&quot;1&quot;}\" data-widget_type=\"aux_recent_posts.default\">\n\t\t\t\t<div class=\"elementor-widget-container\">\n\t\t\t\t\t<section class=\"widget-container aux-widget-recent-posts aux-parent-au5031c8dc\"><div data-element-id=\"au5031c8dc\" class=\"master-carousel aux-no-js aux-mc-before-init aux-center-control aux-grid-carousel-modern-layout aux-ajax-view  \" data-same-height=\"true\" data-wrap-controls=\"true\" data-bullet-class=\"aux-bullets aux-small aux-mask\" data-columns=\"2\"  data-autoplay=\"true\"  data-delay=\"2\" data-navigation=\"perpage\" data-space=\"25\"  data-loop=\"yes\" data-bullets=\"false\" data-arrows=\"true\" data-responsive=\"1025:2,767:1\" ><div class=\"aux-mc-item post-250\">\n                        <article class=\"post column-entry post-250 type-post status-publish format-standard hentry category-en-compania\">\n                                                        <div class=\"entry-media\"><div class=\"aux-media-frame aux-media-image aux-image-mask\"><a href=\"https:\/\/elenarevuelta.com\/index.php\/2025\/09\/21\/dadaisla\/\"><img fetchpriority=\"high\" decoding=\"async\" width=\"600\" height=\"849\" src=\"https:\/\/elenarevuelta.com\/wp-content\/uploads\/2025\/09\/3-dadaisla-.jpg\" alt=\"\" srcset=\"https:\/\/elenarevuelta.com\/wp-content\/uploads\/2025\/09\/3-dadaisla-.jpg 1241w, https:\/\/elenarevuelta.com\/wp-content\/uploads\/2025\/09\/3-dadaisla--1086x1536.jpg 1086w, https:\/\/elenarevuelta.com\/wp-content\/uploads\/2025\/09\/3-dadaisla--200x283.jpg 200w\" sizes=\"(max-width: 600px) 100vw, 600px\" \/><\/a><\/div><\/div>\n                            \n                            <div class=\"entry-main\">\n                                                        \n                                <header class=\"entry-header\">\n                                \n                                    <h4 class=\"entry-title\">\n                                        <a href=\"https:\/\/elenarevuelta.com\/index.php\/2025\/09\/21\/dadaisla\/\">\n                                            Dadaisla                                        <\/a>\n                                    <\/h4>\n                                                                    <div class=\"entry-format\">\n                                        <a href=\"https:\/\/elenarevuelta.com\/index.php\/2025\/09\/21\/dadaisla\/\">\n                                            <div class=\"post-format format-\"> <\/div>\n                                        <\/a>\n                                    <\/div>\n                                <\/header>\n                            \n                                                                                        <footer class=\"entry-meta aux-after-content\">\n                                                                    <\/footer>\n                            \n                            <\/div>\n\n                        <\/article>\n<\/div><div class=\"aux-mc-item post-247\">\n                        <article class=\"post column-entry post-247 type-post status-publish format-standard hentry category-en-compania\">\n                                                        <div class=\"entry-media\"><div class=\"aux-media-frame aux-media-image aux-image-mask\"><a href=\"https:\/\/elenarevuelta.com\/index.php\/2025\/09\/21\/visceral-a-cuatro-voces\/\"><img decoding=\"async\" width=\"600\" height=\"849\" src=\"https:\/\/elenarevuelta.com\/wp-content\/uploads\/2025\/09\/2-A-cuatro-voces.jpg\" alt=\"\" srcset=\"https:\/\/elenarevuelta.com\/wp-content\/uploads\/2025\/09\/2-A-cuatro-voces.jpg 1588w, https:\/\/elenarevuelta.com\/wp-content\/uploads\/2025\/09\/2-A-cuatro-voces-1086x1536.jpg 1086w, https:\/\/elenarevuelta.com\/wp-content\/uploads\/2025\/09\/2-A-cuatro-voces-1448x2048.jpg 1448w, https:\/\/elenarevuelta.com\/wp-content\/uploads\/2025\/09\/2-A-cuatro-voces-200x283.jpg 200w\" sizes=\"(max-width: 600px) 100vw, 600px\" \/><\/a><\/div><\/div>\n                            \n                            <div class=\"entry-main\">\n                                                        \n                                <header class=\"entry-header\">\n                                \n                                    <h4 class=\"entry-title\">\n                                        <a href=\"https:\/\/elenarevuelta.com\/index.php\/2025\/09\/21\/visceral-a-cuatro-voces\/\">\n                                            Visceral a cuatro voces                                        <\/a>\n                                    <\/h4>\n                                                                    <div class=\"entry-format\">\n                                        <a href=\"https:\/\/elenarevuelta.com\/index.php\/2025\/09\/21\/visceral-a-cuatro-voces\/\">\n                                            <div class=\"post-format format-\"> <\/div>\n                                        <\/a>\n                                    <\/div>\n                                <\/header>\n                            \n                                                                                        <footer class=\"entry-meta aux-after-content\">\n                                                                    <\/footer>\n                            \n                            <\/div>\n\n                        <\/article>\n<\/div><div class=\"aux-mc-item post-238\">\n                        <article class=\"post column-entry post-238 type-post status-publish format-standard hentry category-en-compania\">\n                                                        <div class=\"entry-media\"><div class=\"aux-media-frame aux-media-image aux-image-mask\"><a href=\"https:\/\/elenarevuelta.com\/index.php\/2025\/09\/21\/cuentos-aborigenes-canarios-2-0\/\"><img decoding=\"async\" width=\"600\" height=\"849\" src=\"https:\/\/elenarevuelta.com\/wp-content\/uploads\/2025\/09\/1-Cuentos-aborigenes-2.0.jpg\" alt=\"\" srcset=\"https:\/\/elenarevuelta.com\/wp-content\/uploads\/2025\/09\/1-Cuentos-aborigenes-2.0.jpg 1587w, https:\/\/elenarevuelta.com\/wp-content\/uploads\/2025\/09\/1-Cuentos-aborigenes-2.0-1086x1536.jpg 1086w, https:\/\/elenarevuelta.com\/wp-content\/uploads\/2025\/09\/1-Cuentos-aborigenes-2.0-1448x2048.jpg 1448w, https:\/\/elenarevuelta.com\/wp-content\/uploads\/2025\/09\/1-Cuentos-aborigenes-2.0-200x283.jpg 200w\" sizes=\"(max-width: 600px) 100vw, 600px\" \/><\/a><\/div><\/div>\n                            \n                            <div class=\"entry-main\">\n                                                        \n                                <header class=\"entry-header\">\n                                \n                                    <h4 class=\"entry-title\">\n                                        <a href=\"https:\/\/elenarevuelta.com\/index.php\/2025\/09\/21\/cuentos-aborigenes-canarios-2-0\/\">\n                                            Cuentos Abor\u00edgenes Canarios 2.0                                        <\/a>\n                                    <\/h4>\n                                                                    <div class=\"entry-format\">\n                                        <a href=\"https:\/\/elenarevuelta.com\/index.php\/2025\/09\/21\/cuentos-aborigenes-canarios-2-0\/\">\n                                            <div class=\"post-format format-\"> <\/div>\n                                        <\/a>\n                                    <\/div>\n                                <\/header>\n                            \n                                                                                        <footer class=\"entry-meta aux-after-content\">\n                                                                    <\/footer>\n                            \n                            <\/div>\n\n                        <\/article>\n<\/div>            <div class=\"aux-carousel-controls\">\n                <div class=\"aux-next-arrow aux-arrow-nav aux-outline aux-hover-fill\">\n                    <span class=\"aux-svg-arrow aux-small-right\"><\/span>\n                    <span class=\"aux-hover-arrow aux-white aux-svg-arrow aux-small-right\"><\/span>\n                <\/div>\n                <div class=\"aux-prev-arrow aux-arrow-nav aux-outline aux-hover-fill\">\n                    <span class=\"aux-svg-arrow aux-small-left\"><\/span>\n                    <span class=\"aux-hover-arrow aux-white aux-svg-arrow aux-small-left\"><\/span>\n                <\/div>\n            <\/div>\n        <\/div><\/section><!-- widget-container -->\t\t\t\t<\/div>\n\t\t\t\t<\/div>\n\t\t\t\t<\/div>\n\t\t<div class=\"elementor-element elementor-element-22cb48b e-con-full e-flex e-con e-child\" data-id=\"22cb48b\" data-element_type=\"container\">\n\t\t\t\t<\/div>\n\t\t\t\t\t<\/div>\n\t\t\t\t<\/div>\n\t\t\t\t<\/div>\n\t\t","protected":false},"excerpt":{"rendered":"<p>En compa\u00f1\u00eda Dadaisla Visceral a cuatro voces Cuentos Abor\u00edgenes Canarios 2.0<\/p>\n","protected":false},"author":1,"featured_media":0,"parent":0,"menu_order":0,"comment_status":"closed","ping_status":"closed","template":"","meta":{"footnotes":""},"class_list":["post-20","page","type-page","status-publish","hentry"],"_links":{"self":[{"href":"https:\/\/elenarevuelta.com\/index.php\/wp-json\/wp\/v2\/pages\/20","targetHints":{"allow":["GET"]}}],"collection":[{"href":"https:\/\/elenarevuelta.com\/index.php\/wp-json\/wp\/v2\/pages"}],"about":[{"href":"https:\/\/elenarevuelta.com\/index.php\/wp-json\/wp\/v2\/types\/page"}],"author":[{"embeddable":true,"href":"https:\/\/elenarevuelta.com\/index.php\/wp-json\/wp\/v2\/users\/1"}],"replies":[{"embeddable":true,"href":"https:\/\/elenarevuelta.com\/index.php\/wp-json\/wp\/v2\/comments?post=20"}],"version-history":[{"count":34,"href":"https:\/\/elenarevuelta.com\/index.php\/wp-json\/wp\/v2\/pages\/20\/revisions"}],"predecessor-version":[{"id":618,"href":"https:\/\/elenarevuelta.com\/index.php\/wp-json\/wp\/v2\/pages\/20\/revisions\/618"}],"wp:attachment":[{"href":"https:\/\/elenarevuelta.com\/index.php\/wp-json\/wp\/v2\/media?parent=20"}],"curies":[{"name":"wp","href":"https:\/\/api.w.org\/{rel}","templated":true}]}}